{"id":178,"date":"2019-03-14T10:40:18","date_gmt":"2019-03-14T10:40:18","guid":{"rendered":"http:\/\/dfigueiredo.myscispot.eu\/?page_id=178"},"modified":"2020-07-02T10:47:41","modified_gmt":"2020-07-02T10:47:41","slug":"cyanobacterial-ecology","status":"publish","type":"page","link":"http:\/\/dfigueiredo.myscispot.eu\/index.php\/cyanobacterial-ecology\/","title":{"rendered":"Cyanobacterial Ecology"},"content":{"rendered":"\n<p class=\"has-text-color has-background has-very-light-gray-color has-very-dark-gray-background-color\">Cyanobacteria were amongst the first organisms colonising the sea about 3.5 billion years ago. They were the first to be able to transform the CO2 present in the atmosphere into O2 through the photosynthesis process which is common to all organisms possessing the Chlorophyll a pigment (such as terrestrial plants and trees). Therefore, Cyanobacteria transformed the CO2 and methane rich atmosphere into the oxygenated atmosphere that allowed evolution towards the human existence.<\/p>\n\n\n\n<p class=\"has-text-color has-background has-very-light-gray-color has-very-dark-gray-background-color\">Nowadays, these photosynthetic microscopic organisms are still great contributors for the oxygen supply to the atmosphere and thus play an essential role in slowing down the increase of CO2 levels from Climate Change.  <\/p>\n\n\n\n<p class=\"has-text-color has-background has-very-light-gray-color has-very-dark-gray-background-color\">However, in spite of all the benefits arisen from Cyanobacteria to mankind (not only ecological but also with applications in biotechnology, pharmacology, medicine, etc.), some species may contain strains able to produce toxins that may put at risk the human health. This can be a problem when these toxic cyanobacteria multiply massively, leading to blooms forming green scums that are visible from space. In freshwaters, the effects of such blooms can be more severe due to the population dependence on the freshwater supply.<\/p>\n\n\n\n<p class=\"has-text-color has-background has-very-light-gray-color has-very-dark-gray-background-color\">Therefore, it is very important the development of wide monitoring strategies for early warning of cyanobacterial blooms occurrence, particularly in freshwater bodies. However, this requires previous information on cyanobacterial dyanmics in order to detect and predict blooms. During my PhD and post-doc, I have studied several molecular and ecological aspects of Cyanobacteria. <\/p>\n\n\n\n<hr class=\"wp-block-separator\"\/>\n\n\n\n<p style=\"font-size:24px\"><strong>Papers&nbsp;on&nbsp;Cyanobacterial&nbsp;Ecology<\/strong><\/p>\n\n\n\n<p>Silva C., Anselmo A., Mac\u00e1rio I.P.E.,\u00a0<strong>de Figueiredo D.<\/strong>, Gon\u00e7alves F.J.M., Pereira J.L. (2020)\u00a0<a href=\"https:\/\/www.sciencedirect.com\/science\/article\/abs\/pii\/S0925857420301695?via%3Dihub\">The bad against the villain: Suitability of\u00a0<\/a><em><a href=\"https:\/\/www.sciencedirect.com\/science\/article\/abs\/pii\/S0925857420301695?via%3Dihub\">Corbicula fluminea<\/a><\/em><a href=\"https:\/\/www.sciencedirect.com\/science\/article\/abs\/pii\/S0925857420301695?via%3Dihub\">\u00a0as a bioremediation agent towards cyanobacterial blooms<\/a>.\u00a0<em>Ecological Engineering\u00a0<\/em>152: 105881.\u00a0<strong><em>WoS paper<\/em><\/strong><\/p>\n\n\n\n<p>Mac\u00e1rio I.P.E., Castro B.B., Nunes M.I., Antunes S.C., Pizarro C., Coelho C., Gon\u00e7alves F. &amp; <strong>de Figueiredo D.R. <\/strong>(2017)\u00a0<a href=\"https:\/\/link.springer.com\/article\/10.1007%2Fs10661-017-6292-9\">Stepwise strategy for monitoring toxic cyanobacterial blooms in lentic water bodies<\/a>.\u00a0<em>Environmental Monitoring and Assessment<\/em>. 189, 12, 620.<\/p>\n\n\n\n<p>Mac\u00e1rio I.P.E., Castro B.B., Nunes M.I., Antunes S.C., Pizarro C., Coelho C., Gon\u00e7alves F. &amp; <strong>de Figueiredo D.R.<\/strong> (2015)&nbsp;<a href=\"https:\/\/link.springer.com\/article\/10.1007\/s10750-015-2248-7\">New insights towards the establishment of phycocyanin concentration thresholds considering inter-specific variability of bloom-forming cyanobacteria<\/a>.&nbsp;<em>Hydrobiologia<\/em>.&nbsp;<em>757, 1, 155-165.<\/em><\/p>\n\n\n\n<p><strong>de Figueiredo D.R.<\/strong>, Gon\u00e7alves A.M.M., Castro B.B., Gon\u00e7alves F., Pereira M.J. &amp; Correia A. (2011)&nbsp;<a href=\"https:\/\/link.springer.com\/article\/10.1007\/s10750-010-0572-5\">Differential inter- and intra-specific responses of&nbsp;<\/a><em><a href=\"https:\/\/link.springer.com\/article\/10.1007\/s10750-010-0572-5\">Aphanizomenon<\/a><\/em><a href=\"https:\/\/link.springer.com\/article\/10.1007\/s10750-010-0572-5\">&nbsp;strains to nutrient limitation and algal growth inhibition<\/a>.&nbsp;<em>Journal of Plankton Research. 33, 10, 1606-1616.<\/em><\/p>\n\n\n\n<p>Galhano V., <strong>de Figueiredo D.<\/strong>, Alves A., Correia A., Pereira M.J., Gomes-Laranjo J. &amp; Peixoto F. (2011)&nbsp;<a href=\"https:\/\/link.springer.com\/article\/10.1007\/s10750-010-0572-5\">Morphological, biochemical and molecular characterization of&nbsp;<\/a><em><a href=\"https:\/\/link.springer.com\/article\/10.1007\/s10750-010-0572-5\">Anabaena<\/a><\/em><a href=\"https:\/\/link.springer.com\/article\/10.1007\/s10750-010-0572-5\">,&nbsp;<\/a><em><a href=\"https:\/\/link.springer.com\/article\/10.1007\/s10750-010-0572-5\">Aphanizomenon<\/a><\/em><a href=\"https:\/\/link.springer.com\/article\/10.1007\/s10750-010-0572-5\">&nbsp;and&nbsp;<\/a><em><a href=\"https:\/\/link.springer.com\/article\/10.1007\/s10750-010-0572-5\">Nostoc<\/a><\/em><a href=\"https:\/\/link.springer.com\/article\/10.1007\/s10750-010-0572-5\">&nbsp;strains (Cyanobacteria, Nostocales) isolated from Portuguese freshwater habitats<\/a>.&nbsp;<em>Hydrobiologia. 663, 1, 187-203.<\/em><\/p>\n\n\n\n<p><strong>de Figueiredo D.R.<\/strong>, Alves A., Pereira M. J. &amp; Correia A. (2010)&nbsp;<a href=\"https:\/\/academic.oup.com\/plankt\/article\/32\/2\/239\/1450079\">Molecular characterization of bloom-forming&nbsp;<\/a><em><a href=\"https:\/\/academic.oup.com\/plankt\/article\/32\/2\/239\/1450079\">Aphanizomenon&nbsp;<\/a><\/em><a href=\"https:\/\/academic.oup.com\/plankt\/article\/32\/2\/239\/1450079\">strains isolated from Vela Lake (Western Central Portugal)<\/a>.&nbsp;<em>Journal of Plankton Research&nbsp;<\/em>32: 239-252.&nbsp;<\/p>\n\n\n\n<p><strong>de Figueiredo D.R.<\/strong>, Reboleira A.S., Antunes S.C., Abrantes N., Azeiteiro U.M., Gon\u00e7alves F.J.M. &amp; Pereira M.J. (2006)&nbsp;<a href=\"https:\/\/link.springer.com\/article\/10.1007\/s10750-006-0196-y\">The effect of environmental parameters and cyanobacterial blooms on phytoplankton dynamics of a Portuguese temperate lake<\/a>.&nbsp;<em>Hydrobiologia&nbsp;<\/em>568 (1): 145-157<em>.<\/em><\/p>\n\n\n\n<p><strong>de Figueiredo D.R.<\/strong>, Antunes S.C., Pereira M.J. &amp; Gon\u00e7alves F. (2004)&nbsp;<a href=\"https:\/\/www.researchgate.net\/profile\/Sara_Antunes4\/publication\/224858863_Chronic_effects_of_Aphanizomenon_flos-aquae_on_the_survival_and_reproduction_of_daphnids\/links\/5571788a08aedcd33b293b3b\/Chronic-effects-of-Aphanizomenon-flos-aquae-on-the-survival-and-reproduction-of-daphnids.pdf%20%EF%BB%BF\">Chronic effects of&nbsp;<\/a><em><a href=\"https:\/\/www.researchgate.net\/profile\/Sara_Antunes4\/publication\/224858863_Chronic_effects_of_Aphanizomenon_flos-aquae_on_the_survival_and_reproduction_of_daphnids\/links\/5571788a08aedcd33b293b3b\/Chronic-effects-of-Aphanizomenon-flos-aquae-on-the-survival-and-reproduction-of-daphnids.pdf%20%EF%BB%BF\">Aphanizomenon flos-aquae<\/a><\/em><a href=\"https:\/\/www.researchgate.net\/profile\/Sara_Antunes4\/publication\/224858863_Chronic_effects_of_Aphanizomenon_flos-aquae_on_the_survival_and_reproduction_of_daphnids\/links\/5571788a08aedcd33b293b3b\/Chronic-effects-of-Aphanizomenon-flos-aquae-on-the-survival-and-reproduction-of-daphnids.pdf%20%EF%BB%BF\">&nbsp;on the survival and reproduction of daphnids<\/a>.&nbsp;<em>Fresenius Environmental Bulletin<\/em>&nbsp;7 (13): 665-670.<em>L<\/em><\/p>\n\n\n\n<p><strong>de Figueiredo D.R.<\/strong>, Azeiteiro U.M., Gon\u00e7alves F.J.M. &amp; Pereira M.J. (2004)&nbsp;<em><a href=\"https:\/\/www.researchgate.net\/publication\/232749757_Aphanizomenon_flos-aquae_grown_under_different_nutrient_concentrations_and_the_effects_of_its_exudates_on_growth_of_two_green_algae%EF%BB%BF\">Aphanizomenon flos-aquae<\/a><\/em><a href=\"https:\/\/www.researchgate.net\/publication\/232749757_Aphanizomenon_flos-aquae_grown_under_different_nutrient_concentrations_and_the_effects_of_its_exudates_on_growth_of_two_green_algae%EF%BB%BF\">&nbsp;grown under different nutrient concentrations and the effects of its exudates on growth of two green algae<\/a>.&nbsp;<em>Fresenius Environmental Bulletin&nbsp;<\/em>7 (13): 657-664.&nbsp;<em>L<\/em><\/p>\n\n\n\n<p><strong>de Figueiredo D.R.<\/strong>, Azeiteiro U.M., Esteves S.M., Gon\u00e7alves F.J.M. &amp; Pereira M.J. (2004)&nbsp;<a href=\"http:\/\/www.sciencedirect.com\/science\/article\/pii\/S0147651304000740?via%3Dihub\">Microcystin producing blooms \u2013 a serious global public health issue<\/a>.&nbsp;<em>Ecotoxicology and Environmental Safety&nbsp;<\/em>2 (59): 151-163.<em>L<\/em><\/p>\n\n\n\n<hr class=\"wp-block-separator\"\/>\n\n\n\n<p style=\"font-size:24px\"><strong>Communications on Cyanobacterial Ecology<\/strong><\/p>\n\n\n\n<p>Mac\u00e1rio I.P.E., Castro B.B., Nunes M.I., Antunes S.C., Pizarro C., Coelho C., Gon\u00e7alves F. &amp; <strong>de Figueiredo D.R. <\/strong>(2014) New insights for the establishment of phycocyanin concentration thresholds considering inter-specific variability from bloom-forming cyanobacteria. <em>XVII Congress of the Iberian Association of Limnology. 6-11 July, Santander, Spain. <\/em>Poster<\/p>\n\n\n\n<p>Mac\u00e1rio I.P.E., Castro B.B., Nunes M.I., Pizarro C., Coelho C., Gon\u00e7alves F. &amp; <strong>de Figueiredo D.R. <\/strong>(2014) Stepwise strategy proposal for monitoring toxic cyanobacterial blooms: validation with field data from Portuguese water bodies. <em>XVII Congress of the Iberian Association of Limnology. 6-11 July, Santander, Spain. <\/em>Poster<\/p>\n\n\n\n<p>Mac\u00e1rio I.E., Nunes M.I., Gon\u00e7alves F., Castro B.B. &amp; <strong>de Figueiredo D.R. <\/strong>(2013) Proposta de uma metodologia de monitoriza\u00e7\u00e3o faseada para dete\u00e7\u00e3o de blooms de cianobact\u00e9rias. <em>10\u00aa Confer\u00eancia Nacional do Ambiente (10CNA). 6-8 November, Aveiro, Portugal. <\/em>Oral communication<\/p>\n\n\n\n<p>Mac\u00e1rio I., Nunes M.I., Fonseca D., Gon\u00e7alves F., Castro B.B. &amp; <strong>de Figueiredo D.R. <\/strong>(2013) Proposta de estrat\u00e9gia integrada para lidar com blooms de Cianobact\u00e9rias.&nbsp;<em>XX Jornadas Pedag\u00f3gicas de Educa\u00e7\u00e3o Ambiental &#8211; Aprender fora de portas: redes, recursos e potencialidades. 17-19 January, Leiria, Portugal.&nbsp;<\/em>Poster<\/p>\n\n\n\n<p><strong>de Figueiredo D.R.<\/strong>, Mac\u00e1rio I., Nunes M.I., Correia A., Castro B.B. &amp; Gon\u00e7alves F. (2013) A multilevel approach to monitor and help manage the development of cyanobacterial blooms in lakes and reservoirs.&nbsp;<em>TWAM2013: Transboundary water management across borders and interfaces: present and future challenges. 20-25 March, Aveiro, Portugal. <\/em>Poster<\/p>\n\n\n\n<p><strong>de Figueiredo D.R.<\/strong>, Castro B.B., Correia A. &amp; Gon\u00e7alves F. (2012) Strategy for monitoring cyanobacterial blooms using a stepwise approach based on sequential methodologies.&nbsp;<em>XVI Congresso da Sociedade Ib\u00e9rica de Limnologia. 2<\/em><sup><em>n<\/em><\/sup><em>-6 July, Guimar\u00e3es, Portugal.<\/em>&nbsp; Poster<\/p>\n\n\n\n<p><strong>de Figueiredo D.R.,<\/strong> Castro B.B., Pereira M.J. &amp; Correia A. (2011) Spatial bacterioplankton diversity at Vela Lake (Central Western Portugal) during cyanobacterial blooms and under severe drought conditions. <em>Second IWA Symposium on Lake and Reservoir Management: Sustainable Strategies to Enhance Water Quality. 14<\/em><sup><em>t<\/em><\/sup><em>-17 July, Granada, Spain. <\/em>Poster<\/p>\n\n\n\n<p><strong>de Figueiredo D.R.<\/strong>, Alves A., Gon\u00e7alves A.M.M., Castro B.B., Gon\u00e7alves F., Pereira M.J. &amp; Correia A. (2011) Inter- and intra-specific molecular and ecological variations among <em>Aphanizomenon<\/em> (Nostocales, Cyanobacteria) strains isolated from a eutrophic shallow lake. <em>MICROBIOTEC\u201911. 1-3 December, Braga, Portugal. <\/em>Poster<\/p>\n\n\n\n<p><strong>de Figueiredo D.R.<\/strong>, Coelho C., Heitor A. , Osswald J., Vasconcelos V., Ramos I., Pereira M.J. &amp; Correia A. (2009) Multilevel characterization of cyanobacterial summer blooms in three shallow lakes \u2013 proposal for a monitoring strategy. <em>BAGECO09 &#8211; 10th International Symposium on Bacterial Genetics and Ecology. 15<\/em><sup><em>t<\/em><\/sup><em>-19 June, Uppsala, Sweden.<\/em> Poster<\/p>\n\n\n\n<p><strong>de Figueiredo D.R.<\/strong>, Pereira M.J. &amp; Correia A. (2009) Molecular characterization and toxic potential of <em>Microcystis<\/em> strains isolated from Vela Lake (Portugal). <em>CIC2009 &#8211; 1\u00ba Congresso Ib\u00e9rico de Cianotoxinas. 6<\/em><sup><em>t<\/em><\/sup><em>-7 July, Porto, Portugal. <\/em>Poster<\/p>\n\n\n\n<p>Galhano V., <strong>de Figueiredo D.R.<\/strong>, Correia A., Pereira M.J., Santos H., Gomes-Laranjo J.C. &amp; Peixoto F.M. (2009) Polyphasic evaluation of potential toxic cyanobacterial strains from Portuguese shallow water bodies. <em>CIC2009 &#8211; 1\u00ba Congresso Ib\u00e9rico de Cianotoxinas. 6<\/em><sup><em>t<\/em><\/sup><em>-7 July, Porto, Portugal. <\/em>Poster<\/p>\n\n\n\n<p><strong>de Figueiredo D.R.<\/strong>, Galhano V.M., Gomes-Laranjo J.C., Peixoto F.M., Alves A., Pereira M.J. &amp; Correia A. (2008) Molecular characterization of cyanobacterial diazotrophic strains from Portuguese shallow water bodies. <em>8th European Nitrogen Fixation Conference \/ 11th International Symposium on Nitrogen Fixation with Non-Legumes. 30<\/em><sup><em>th<\/em><\/sup><em> August &#8211; 4<\/em><sup><em>th<\/em><\/sup><em> September, Ghent, Belgium.<\/em> Poster<\/p>\n\n\n\n<p>Silva R.A., <strong>de Figueiredo D.R.<\/strong>, Neves F.M., Pereira M.J. &amp; Correia, A. (2008) Dominance of cyanobacteria during winter and spring 2008 at Vela Lake (Figueira da Foz, Portugal). <em>1\u00ba Encontro Portugu\u00eas de Cianotoxinas. 7-8 July, Porto, Portugal.<\/em> Oral communication<\/p>\n\n\n\n<p><strong>de Figueiredo D.R.<\/strong>, Pereira M.J. &amp; Correia A. (2008) Cyanobacterial dominance in reservoirs from Alentejo region (Portugal) during an atypically dry summer \u2013 an overview of the future? <em>7th Iberian and 4th Iberoamerican Congress of Environmental Contamination and Toxicology. 10<\/em><sup><em>t<\/em><\/sup><em>-12 March, Lisbon, Portugal.<\/em> Oral communication<br><\/p>\n\n\n\n<p><strong>de Figueiredo D.R.<\/strong>, Silva R.A., Pereira M.J. &amp; Correia A. (2008) Seasonal diversity of cyanobacterial diazotrophs community in Portuguese shallow lakes using culture-independent methodologies. <em>8th European Nitrogen Fixation Conference \/ 11th International Symposium on Nitrogen Fixation with Non-Legumes. 30<\/em><sup><em>th<\/em><\/sup><em> August to 4<\/em><sup><em>th<\/em><\/sup><em> September, Ghent, Belgium. <\/em>Poster<\/p>\n\n\n\n<p><strong>de Figueiredo D.R.<\/strong>, Gon\u00e7alves A.M.M., Alves A., Gon\u00e7alves F., Pereira M.J. &amp; Correia A. (2007) Multilevel characterization of cyanobacterial strains for a further understanding on their ecology and bloom development. <em>VI Simp\u00f3sio de P\u00f3s-Gradua\u00e7\u00e3o do Departamento de Biologia da Universidade de Aveiro. 3-4 May, Aveiro, Portugal. <\/em>Oral communication<\/p>\n\n\n\n<p><strong>de Figueiredo D.R.<\/strong>, Gon\u00e7alves A.M.M., Gon\u00e7alves F., Pereira M. J. &amp; Correia A. (2007) Genetic affiliation, ecological nutrient preferences and allelopathic potential of a freshwater <em>Synechococcus<\/em> strain (UADFSYN1). <em>Plankton Symposium IV. 1<\/em><sup><em>s<\/em><\/sup><em>-5 April, Jo\u00e3o Pessoa, Brazil. <\/em>Poster<\/p>\n\n\n\n<p><strong>de Figueiredo D.R.<\/strong>, Gon\u00e7alves A.M.M., Gon\u00e7alves F., Pereira M. J. &amp; Correia A. (2007) Multilevel characterization of a bloom-forming strain of <em>Aphanizomenon issatschenkoi<\/em>. <em>SETAC 2007. 20-24 May, Porto, Portugal. <\/em>Poster<\/p>\n\n\n\n<p><strong>de Figueiredo D.R.<\/strong>, Pereira M.J. &amp; Correia A. (2006) A import\u00e2ncia da abordagem pluridisciplinar na compreens\u00e3o da din\u00e2mica dos ecossistemas \u2013 caso dos <em>blooms<\/em> cianobacterianos. <em>5\u00ba Congresso Ib\u00e9rico sobre Gest\u00e3o e Planeamento da \u00c1gua. 4<\/em><sup><em>t<\/em><\/sup><em>-8 December, Faro, Portugal. <\/em>Oral communication<\/p>\n\n\n\n<p><strong>de Figueiredo D.R.<\/strong>, Correia A.C., Azeiteiro U.M., Gon\u00e7alves F. &amp; Pereira M.J. (2005) Genotypic diversity as the key to the understanding of worldwide cyanobacterial blooms dynamics and toxicity. <strong>Keynote lecture<\/strong> at the <em>Plankton Symposium III. 17<\/em><sup><em>t<\/em><\/sup><em>-20&nbsp;March, Figueira da Foz, Portugal. <\/em>Oral communication<\/p>\n\n\n\n<p><strong>de Figueiredo D.R.<\/strong>, Pereira M.J., Moura A., Henriques I. &amp; Correia A. (2005) Genotypic characterization and toxic potential of bloom-forming cyanobacteria from Vela Lake (Portugal) \u2013 molecular fingerprinting. <em>MICROBIOTEC&#8217;05. 30th November &#8211; 3rd December, P\u00f3voa do Varzim, Portugal. <\/em>Poster<\/p>\n\n\n\n<p><strong>de Figueiredo D.R.<\/strong>, Lopes V., Antunes S.C., Pereira M.J. &amp; Gon\u00e7alves F. (2004) Chronic effects of Cyanobacteria on Daphnids reproduction. <em>III Post-graduation Symposium in Biosciences. 10-11 May, Aveiro, Portugal. <\/em>Poster<\/p>\n\n\n\n<p><strong>de Figueiredo D.R.<\/strong>, Vidal T., Lopes V., Soares A.M.V.M. &amp; Pereira M.J. (2003) Cyanobacterial Toxins \u2013 a Health and Environmental Problem. <em>1st World Environmental Education Congress. 20<\/em><sup><em>t<\/em><\/sup><em>-24 May, Espinho, Portugal.<\/em> Poster<\/p>\n\n\n\n<p><strong>de Figueiredo D.R.<\/strong>, Azeiteiro U.M., Esteves S.M., Gon\u00e7alves F.J.M. &amp; Pereira M.J. (2003) Hepatotoxic blooms \u2013 occurrence and consequences of microcystin production. <em>1st World Environmental Education Congress. 20-24 May, Espinho, Portugal.<\/em> Poster<\/p>\n\n\n\n<p><strong>de Figueiredo D.R.<\/strong>, Lopes V., Antunes S., Pereira M.J. &amp; Gon\u00e7alves F. (2003) Effects of Cyanoprokaryota on the reproduction of Daphnids. <em>Simp\u00f3sio \u2013 Biodiversidade em ecossistemas Insulares: o exemplo de Porto Santo. 28th September, Porto Santo, Portugal.<\/em> Poster<\/p>\n\n\n\n<p><strong>de Figueiredo D.R.<\/strong> &amp; Pereira M.J. (2003) Effects of different nutrient (N and P) concentrations on growth of <em>Anabaena<\/em>. <em>II Post-graduation Symposium in Biosciences. 13-14 May, Aveiro, Portugal. <\/em>Oral communication<\/p>\n\n\n\n<p><strong>de Figueiredo D.R. <\/strong>&amp; Pereira M.J. (2002) Cyanotoxins production under limited nutrient (N and P) conditions. <em>Post-Graduation Symposium in Biosciences. 29-30 April, Aveiro, Portugal. <\/em>Poster<\/p>\n","protected":false},"excerpt":{"rendered":"<p>Cyanobacteria were amongst the first organisms colonising the sea about 3.5 billion years ago. They were the first to be able to transform the CO2 present in the atmosphere into O2 through the photosynthesis process<a class=\"read-more\" href=\"http:\/\/dfigueiredo.myscispot.eu\/index.php\/cyanobacterial-ecology\/\">Continue reading<\/a><\/p>\n","protected":false},"author":3,"featured_media":0,"parent":0,"menu_order":0,"comment_status":"closed","ping_status":"closed","template":"page-templates\/page_fullwidth.php","meta":[],"_links":{"self":[{"href":"http:\/\/dfigueiredo.myscispot.eu\/index.php\/wp-json\/wp\/v2\/pages\/178"}],"collection":[{"href":"http:\/\/dfigueiredo.myscispot.eu\/index.php\/wp-json\/wp\/v2\/pages"}],"about":[{"href":"http:\/\/dfigueiredo.myscispot.eu\/index.php\/wp-json\/wp\/v2\/types\/page"}],"author":[{"embeddable":true,"href":"http:\/\/dfigueiredo.myscispot.eu\/index.php\/wp-json\/wp\/v2\/users\/3"}],"replies":[{"embeddable":true,"href":"http:\/\/dfigueiredo.myscispot.eu\/index.php\/wp-json\/wp\/v2\/comments?post=178"}],"version-history":[{"count":23,"href":"http:\/\/dfigueiredo.myscispot.eu\/index.php\/wp-json\/wp\/v2\/pages\/178\/revisions"}],"predecessor-version":[{"id":508,"href":"http:\/\/dfigueiredo.myscispot.eu\/index.php\/wp-json\/wp\/v2\/pages\/178\/revisions\/508"}],"wp:attachment":[{"href":"http:\/\/dfigueiredo.myscispot.eu\/index.php\/wp-json\/wp\/v2\/media?parent=178"}],"curies":[{"name":"wp","href":"https:\/\/api.w.org\/{rel}","templated":true}]}}