{"id":18,"date":"2019-01-16T12:16:42","date_gmt":"2019-01-16T12:16:42","guid":{"rendered":"http:\/\/dfigueiredo.myscispot.eu\/?page_id=18"},"modified":"2020-07-02T10:45:12","modified_gmt":"2020-07-02T10:45:12","slug":"papers","status":"publish","type":"page","link":"http:\/\/dfigueiredo.myscispot.eu\/index.php\/papers\/","title":{"rendered":"Main publications"},"content":{"rendered":"\n<p>Silva C., Anselmo A., Mac\u00e1rio I.P.E., <strong>de Figueiredo D.<\/strong>, Gon\u00e7alves F.J.M., Pereira J.L. (2020) <a href=\"https:\/\/www.sciencedirect.com\/science\/article\/abs\/pii\/S0925857420301695?via%3Dihub\">The bad against the villain: Suitability of <\/a><em><a href=\"https:\/\/www.sciencedirect.com\/science\/article\/abs\/pii\/S0925857420301695?via%3Dihub\">Corbicula fluminea<\/a><\/em><a href=\"https:\/\/www.sciencedirect.com\/science\/article\/abs\/pii\/S0925857420301695?via%3Dihub\"> as a bioremediation agent towards cyanobacterial blooms<\/a>.\u00a0<em>Ecological Engineering <\/em>152: 105881. <strong><em>WoS paper<\/em><\/strong><\/p>\n\n\n\n<p><strong>de Figueiredo D.R.<\/strong>, Pinto J.R. &amp; Boyd K.G (2018).\u00a0<a href=\"http:\/\/www.educo2cean.org\/unit-8-didatics-of-carbon-capture-and-storage\/\">Didactics of Carbon Capture and Storage.<\/a>\u00a0Vol 8, STS Education Models to transmit to Society the challenge of Global Change in the Ocean. 51pp. E-book: ISBN 978-989-54180-0-8.   <strong><em>Book\u00a0\/ e-book<\/em><\/strong><\/p>\n\n\n\n<p>Mac\u00e1rio I.P.E., Castro B.B., Nunes M.I., Antunes S.C., Pizarro C., Coelho C., Gon\u00e7alves F. &amp; <strong>de Figueiredo D.R.<\/strong> (2017) <a href=\"https:\/\/link.springer.com\/article\/10.1007%2Fs10661-017-6292-9\">Stepwise strategy for monitoring toxic cyanobacterial blooms in lentic water bodies<\/a>. <em>Environmental Monitoring and Assessment<\/em> 189 (12): 620. <strong><em>WoS paper<\/em><\/strong><\/p>\n\n\n\n<p><strong>de Figueiredo D.R.<\/strong>&nbsp;(2017). Unraveling the Invisible Water World. In:&nbsp;<a href=\"file:\/\/\/Users\/danielafigueiredo\/Downloads\/SCoRE_17ScienceCommunicationforResearchersinEducationAutumnSchoole-book.pdf\">SCoRE\u201917 \u2013 Science Communication for Researchers in Education: Autumn School e-book<\/a>. Guerra C., Tavares R. &amp; Ara\u00fajo e S\u00e1 H. (eds). UA Editora, Universidade de Aveiro. Aveiro, Portugal. pp. 86-70. ISBN: 978-972-789-526-7.&nbsp;<strong><em>Book&nbsp;chapter<\/em><\/strong><\/p>\n\n\n\n<p>Mac\u00e1rio I.P.E., Castro B.B., Nunes M.I., Antunes S.C., Pizarro C., Coelho C., Gon\u00e7alves F. &amp;\u00a0<strong>de Figueiredo D.R.<\/strong>\u00a0(2015)\u00a0<a href=\"https:\/\/link.springer.com\/article\/10.1007\/s10750-015-2248-7\">New insights towards the establishment of phycocyanin concentration thresholds considering inter-specific variability of bloom-forming cyanobacteria<\/a>.\u00a0<em>Hydrobiologia<\/em>\u00a0757 (1): 155-165. <strong><em>WoS paper<\/em><\/strong><\/p>\n\n\n\n<p><strong>de Figueiredo D.R.<\/strong>, Gon\u00e7alves A.M.M., Jervis-Cunha A., Gon\u00e7alves F., Azeiteiro U.M., Pardal M.A. &amp; Pereira M.J. (2013). Em busca das microalgas verdes numa gota de \u00e1gua\u2026 In: Actividades Pr\u00e1ticas em Ci\u00eancias e Educa\u00e7\u00e3o Ambiental (Vol. II). Gon\u00e7alves F., Pereira R., Azeiteiro U.M. &amp; Pereira M.J. (eds). Editora Piaget, Horizontes Pedag\u00f3gicos. Lisboa, Portugal. <em><strong>Book chapter<\/strong><\/em><\/p>\n\n\n\n<p><strong>de Figueiredo D.R.<\/strong>, Castro B.B., Pereira M.J. &amp; Correia A. (2012) <a href=\"http:\/\/akademiai.com\/doi\/abs\/10.1556\/ComEc.13.2012.2.8 \">Bacterioplankton community composition in Portuguese water bodies under a severe summer drought<\/a>.\u00a0<em>Community Ecology <\/em>13 (2): 185-193.<em> \u00a0<\/em><strong><em>WoS paper<\/em><\/strong><\/p>\n\n\n\n<p>Azevedo R., Rodriguez E., <strong>Figueiredo D.<\/strong>, Peixoto F. &amp; Santos C. (2012) <a href=\"https:\/\/www.researchgate.net\/publication\/232749412_Methodologies_for_the_study_of_filamentous_cyanobacteria_by_flow_cytometry\">Methodologies for the study of filamentous cyanobacteria by flow cytometry<\/a>.\u00a0<em>Fresenius Environmental Bulletin <\/em>21 (3A): 679-684. <strong><em>WoS paper<\/em><\/strong><\/p>\n\n\n\n<p><strong>de Figueiredo D.R.<\/strong>, Ferreira R.V., Cerqueira M., Condesso de Melo T., Pereira M.J., Castro B.B. &amp; Correia A. (2012) <a href=\"https:\/\/link.springer.com\/article\/10.1007%2Fs10661-011-1981-2?LI=true\ufeff\">Impact of water quality on bacterioplankton assemblage along C\u00e9rtima River Basin (Central Western Portugal) assessed by PCR-DGGE and multivariate analysis<\/a>.\u00a0<em>Environmental Monitoring and Assessment <\/em>184 (1): 471-485.<em> <\/em><strong><em>WoS paper<\/em><\/strong><\/p>\n\n\n\n<p><strong>de Figueiredo D.R.<\/strong>, Gon\u00e7alves A.M.M., Castro B.B., Gon\u00e7alves F., Pereira M.J. &amp; Correia A. (2011) <a href=\"https:\/\/academic.oup.com\/plankt\/article\/33\/10\/1606\/1467421\">Differential inter- and intra-specific responses of <\/a><em><a href=\"https:\/\/academic.oup.com\/plankt\/article\/33\/10\/1606\/1467421\">Aphanizomenon<\/a><\/em><a href=\"https:\/\/academic.oup.com\/plankt\/article\/33\/10\/1606\/1467421\"> strains to nutrient limitation and algal growth inhibition<\/a>.\u00a0<em>Journal of Plankton Research <\/em>33 (10): 1606-1616. <strong><em>WoS paper<\/em><\/strong><\/p>\n\n\n\n<p>Galhano V., <strong>de Figueiredo D.<\/strong>, Alves A., Correia A., Pereira M.J., Gomes-Laranjo J. &amp; Peixoto F. (2011) <a href=\"https:\/\/link.springer.com\/article\/10.1007\/s10750-010-0572-5\">Morphological, biochemical and molecular characterization of <\/a><em><a href=\"https:\/\/link.springer.com\/article\/10.1007\/s10750-010-0572-5\">Anabaena<\/a><\/em><a href=\"https:\/\/link.springer.com\/article\/10.1007\/s10750-010-0572-5\">, <\/a><em><a href=\"https:\/\/link.springer.com\/article\/10.1007\/s10750-010-0572-5\">Aphanizomenon<\/a><\/em><a href=\"https:\/\/link.springer.com\/article\/10.1007\/s10750-010-0572-5\"> and <\/a><em><a href=\"https:\/\/link.springer.com\/article\/10.1007\/s10750-010-0572-5\">Nostoc<\/a><\/em><a href=\"https:\/\/link.springer.com\/article\/10.1007\/s10750-010-0572-5\"> strains (Cyanobacteria, Nostocales) isolated from Portuguese freshwater habitats<\/a>. <em>Hydrobiologia <\/em>663 (1): 187-203. <em> <\/em><strong><em>WoS paper<\/em><\/strong><\/p>\n\n\n\n<p>Ferreira R.V., Cerqueira M.A., Melo M.T.C., <strong>Figueiredo D.R.<\/strong> &amp; Keizer J.J. (2010) <a href=\"http:\/\/pubs.rsc.org\/en\/content\/articlehtml\/2010\/em\/b914409a\ufeff\">Spatial patterns of surface water quality in the C\u00e9rtima River basin, central Portugal<\/a>. <em>J Environ Monit<\/em> 12: 189-199. <strong><em>WoS paper<\/em><\/strong><\/p>\n\n\n\n<p><strong>de Figueiredo D.R.<\/strong>, Pereira M. &amp; Correia A. (2010) <a href=\"https:\/\/link.springer.com\/article\/10.1007\/s11274-009-0272-3 \">Seasonal modulation of bacterioplankton community at a temperate eutrophic shallow lake<\/a>. <em>World Journal of Microbiology and Biotechnology <\/em>26: 1067-1077. <strong><em>WoS paper<\/em><\/strong><\/p>\n\n\n\n<p><strong>de Figueiredo D.R.<\/strong>, Alves A., Pereira M. J. &amp; Correia A. (2010) <a href=\"https:\/\/academic.oup.com\/plankt\/article\/32\/2\/239\/1450079\">Molecular characterization of bloom-forming <\/a><em><a href=\"https:\/\/academic.oup.com\/plankt\/article\/32\/2\/239\/1450079\">Aphanizomenon <\/a><\/em><a href=\"https:\/\/academic.oup.com\/plankt\/article\/32\/2\/239\/1450079\">strains isolated from Vela Lake (Western Central Portugal)<\/a>. <em>Journal of Plankton Research <\/em>32: 239-252. <strong><em>WoS paper<\/em><\/strong><\/p>\n\n\n\n<p>Abrantes N., Pereira R., <strong>de Figueiredo D.R.<\/strong>, Marques C.R., Pereira M.J. &amp; Gon\u00e7alves F. (2009) <a href=\"http:\/\/onlinelibrary.wiley.com\/doi\/10.1002\/tox.20428\/abstract \">A whole sample toxicity assessment to evaluate the sub-lethal toxicity of water and sediment elutriates from a lake exposed to diffuse pollution<\/a>. <em>Environmental Toxicology<\/em> 24 (3): 259-270. <strong><em>WoS paper<\/em><\/strong><\/p>\n\n\n\n<p>Marques C.R., Abrantes N., <strong>de Figueiredo D.R.<\/strong>, Pereira M.J. &amp; Gon\u00e7alves F. (2008) <a href=\"https:\/\/link.springer.com\/article\/10.1007%2Fs11270-007-9554-2\">Are <\/a><em><a href=\"https:\/\/link.springer.com\/article\/10.1007%2Fs11270-007-9554-2\">Pseudokirchneriella subcapitata<\/a><\/em><a href=\"https:\/\/link.springer.com\/article\/10.1007%2Fs11270-007-9554-2\"> and <\/a><em><a href=\"https:\/\/link.springer.com\/article\/10.1007%2Fs11270-007-9554-2\">Chlorella vulgaris<\/a><\/em><a href=\"https:\/\/link.springer.com\/article\/10.1007%2Fs11270-007-9554-2\"> affected by environmental samples from a rice field?<\/a> <em>Water Air &amp; Soil Pollution <\/em>189 (1-4): 49-59<em>.<\/em><strong><em>WoS paper<\/em><\/strong><\/p>\n\n\n\n<p><strong>de Figueiredo D.R.<\/strong>, Pereira M.J., Moura A., Silva L., B\u00e1rrios S., Fonseca F., Henriques I. &amp; Correia A. (2007) <a href=\"https:\/\/link.springer.com\/article\/10.1007%2Fs11274-009-0272-3\">Bacterial community composition over a dry winter in meso- and eutrophic Portuguese water bodies<\/a>. <em>FEMS Microbiology and Ecology <\/em>59 (3): 638\u2013650<em>.<\/em><strong><em>WoS paper<\/em><\/strong><\/p>\n\n\n\n<p>Antunes S.C., <strong>de Figueiredo D.R.<\/strong>, Marques S.M., Castro B.B., Pereira R. &amp; Gon\u00e7alves F. (2007) <a href=\"http:\/\/www.sciencedirect.com\/science\/article\/pii\/S0048969706009053?via%3Dihub\">Evaluation of water column and sediment toxicity from an abandoned uranium mine using a battery of bioassays<\/a>. <em>Science of the Total Environment <\/em>374 (2-3): 252-259<em>.<\/em><strong><em>WoS paper<\/em><\/strong><\/p>\n\n\n\n<p><strong>de Figueiredo D.R.<\/strong>, Reboleira A.S., Antunes S.C., Abrantes N., Azeiteiro U.M., Gon\u00e7alves F.J.M. &amp; Pereira M.J. (2006) <a href=\"https:\/\/link.springer.com\/article\/10.1007\/s10750-006-0196-y\">The effect of environmental parameters and cyanobacterial blooms on phytoplankton dynamics of a Portuguese temperate lake<\/a>. <em>Hydrobiologia <\/em>568 (1): 145-157<em>.<\/em><strong><em>WoS paper<\/em><\/strong><\/p>\n\n\n\n<p>Gon\u00e7alves A.M.M., <strong>de Figueiredo D.R. <\/strong>&amp; Pereira M.J. (2006) <a href=\"https:\/\/www.researchgate.net\/publication\/230766177_The_effects_of_different_salinity_concentrations_on_growth_of_three_freshwater_green_algae\">The effects of different salinity concentrations on growth of three freshwater green algae<\/a>. <em>Fresenius Environmental Bulletin <\/em>11 (15): 1382-1386. <strong><em>WoS paper<\/em><\/strong><\/p>\n\n\n\n<p>Pereira M.J., Resende P., Azeiteiro U.M., Oliveira J. &amp; <strong>de Figueiredo D.R. <\/strong>(2005) <a href=\"http:\/\/ https:\/\/link.springer.com\/article\/10.1007%2Fs00128-005-0782-0\">Differences in the effects of metals on growth of two freshwater green algae (Pseudokirchneriella subcapitata (Korshikov) Hindak and Gonium pectorale M\u00fcller)<\/a>. <em>Bulletin of Environmental Contamination and Toxicology <\/em>3 (75): 515-522<em>.<\/em><strong><em>WoS paper<\/em><\/strong><\/p>\n\n\n\n<p>Gon\u00e7alves A.M.M., de Figueiredo D.R. &amp; Pereira M.J. (2005) <a href=\"https:\/\/www.researchgate.net\/publication\/230766166_A_low-cost_methodology_for_algal_growth_inhibition_tests_using_three_freshwater_green_algae \">A low-cost methodology for algal growth inhibition tests using three freshwater green algae<\/a>. <em>Fresenius Environmental Bulletin <\/em>12b (14): 1192-1195. <strong><em>WoS paper<\/em><\/strong><\/p>\n\n\n\n<p><strong>de Figueiredo D.R.<\/strong>, Azeiteiro U.M., Esteves S.M., Gon\u00e7alves F.J.M. &amp; Pereira M.J. (2004) <a href=\"http:\/\/www.sciencedirect.com\/science\/article\/pii\/S0147651304000740?via%3Dihub\">Microcystin producing blooms &#8211; a serious global public health issue<\/a>. <em>Ecotoxicology and Environmental Safety <\/em>2 (59): 151-163. <strong><em>WoS paper<\/em><\/strong><a href=\"http:\/\/www.sciencedirect.com\/science\/article\/pii\/S0147651304000740?via%3Dihub\"><\/a><\/p>\n\n\n\n<p><strong>de Figueiredo D.R.<\/strong>, Antunes S.C., Pereira M.J. &amp; Gon\u00e7alves F. (2004) <a href=\"https:\/\/www.researchgate.net\/profile\/Sara_Antunes4\/publication\/224858863_Chronic_effects_of_Aphanizomenon_flos-aquae_on_the_survival_and_reproduction_of_daphnids\/links\/5571788a08aedcd33b293b3b\/Chronic-effects-of-Aphanizomenon-flos-aquae-on-the-survival-and-reproduction-of-daphnids.pdf \ufeff\">Chronic effects of <\/a><em><a href=\"https:\/\/www.researchgate.net\/profile\/Sara_Antunes4\/publication\/224858863_Chronic_effects_of_Aphanizomenon_flos-aquae_on_the_survival_and_reproduction_of_daphnids\/links\/5571788a08aedcd33b293b3b\/Chronic-effects-of-Aphanizomenon-flos-aquae-on-the-survival-and-reproduction-of-daphnids.pdf \ufeff\">Aphanizomenon flos-aquae<\/a><\/em><a href=\"https:\/\/www.researchgate.net\/profile\/Sara_Antunes4\/publication\/224858863_Chronic_effects_of_Aphanizomenon_flos-aquae_on_the_survival_and_reproduction_of_daphnids\/links\/5571788a08aedcd33b293b3b\/Chronic-effects-of-Aphanizomenon-flos-aquae-on-the-survival-and-reproduction-of-daphnids.pdf \ufeff\"> on the survival and reproduction of daphnids<\/a>. <em>Fresenius Environmental Bulletin<\/em> 7 (13): 665-670. <strong><em>WoS paper<\/em><\/strong><\/p>\n\n\n\n<p><strong>de Figueiredo D.R.<\/strong>, Azeiteiro U.M., Gon\u00e7alves F.J.M. &amp; Pereira M.J. (2004) <em><a href=\"https:\/\/www.researchgate.net\/publication\/232749757_Aphanizomenon_flos-aquae_grown_under_different_nutrient_concentrations_and_the_effects_of_its_exudates_on_growth_of_two_green_algae\ufeff\">Aphanizomenon flos-aquae<\/a><\/em><a href=\"https:\/\/www.researchgate.net\/publication\/232749757_Aphanizomenon_flos-aquae_grown_under_different_nutrient_concentrations_and_the_effects_of_its_exudates_on_growth_of_two_green_algae\ufeff\"> grown under different nutrient concentrations and the effects of its exudates on growth of two green algae<\/a>. <em>Fresenius Environmental Bulletin <\/em>7 (13): 657-664. <strong><em>WoS paper<\/em><\/strong><\/p>\n","protected":false},"excerpt":{"rendered":"<p>Silva C., Anselmo A., Mac\u00e1rio I.P.E., de Figueiredo D., Gon\u00e7alves F.J.M., Pereira J.L. (2020) The bad against the villain: Suitability of Corbicula fluminea as a bioremediation agent towards cyanobacterial blooms.\u00a0Ecological Engineering 152: 105881. WoS paper<a class=\"read-more\" href=\"http:\/\/dfigueiredo.myscispot.eu\/index.php\/papers\/\">Continue reading<\/a><\/p>\n","protected":false},"author":3,"featured_media":0,"parent":0,"menu_order":0,"comment_status":"closed","ping_status":"closed","template":"","meta":[],"_links":{"self":[{"href":"http:\/\/dfigueiredo.myscispot.eu\/index.php\/wp-json\/wp\/v2\/pages\/18"}],"collection":[{"href":"http:\/\/dfigueiredo.myscispot.eu\/index.php\/wp-json\/wp\/v2\/pages"}],"about":[{"href":"http:\/\/dfigueiredo.myscispot.eu\/index.php\/wp-json\/wp\/v2\/types\/page"}],"author":[{"embeddable":true,"href":"http:\/\/dfigueiredo.myscispot.eu\/index.php\/wp-json\/wp\/v2\/users\/3"}],"replies":[{"embeddable":true,"href":"http:\/\/dfigueiredo.myscispot.eu\/index.php\/wp-json\/wp\/v2\/comments?post=18"}],"version-history":[{"count":21,"href":"http:\/\/dfigueiredo.myscispot.eu\/index.php\/wp-json\/wp\/v2\/pages\/18\/revisions"}],"predecessor-version":[{"id":506,"href":"http:\/\/dfigueiredo.myscispot.eu\/index.php\/wp-json\/wp\/v2\/pages\/18\/revisions\/506"}],"wp:attachment":[{"href":"http:\/\/dfigueiredo.myscispot.eu\/index.php\/wp-json\/wp\/v2\/media?parent=18"}],"curies":[{"name":"wp","href":"https:\/\/api.w.org\/{rel}","templated":true}]}}