{"id":185,"date":"2019-03-15T09:24:55","date_gmt":"2019-03-15T09:24:55","guid":{"rendered":"http:\/\/dfigueiredo.myscispot.eu\/?page_id=185"},"modified":"2019-12-05T12:03:50","modified_gmt":"2019-12-05T12:03:50","slug":"bacterial-community-diversity","status":"publish","type":"page","link":"http:\/\/dfigueiredo.myscispot.eu\/index.php\/bacterial-community-diversity\/","title":{"rendered":"Bacterial Community Diversity"},"content":{"rendered":"\n<p class=\"has-text-color has-background has-very-light-gray-color has-very-dark-gray-background-color\">Bacteria play an essential role in our ecosystems dynamics through the geochemical cycling.<\/p>\n\n\n\n<p class=\"has-text-color has-background has-very-light-gray-color has-very-dark-gray-background-color\">During the PhD and post-doc, the BCC (Bacterial Community Composition) from several Portuguese water bodies was assessed using different molecular methodologies, from DGGE (Denaturing Gradient Gel Electrophoresis) to NGS (New Generation Sequencing).<\/p>\n\n\n\n<hr class=\"wp-block-separator\"\/>\n\n\n\n<p style=\"font-size:24px\"><strong>Projects&nbsp;on&nbsp;Bacterial Community Composition<\/strong><\/p>\n\n\n\n<p> \u201c<strong><a href=\"http:\/\/www.cesam.ua.pt\/index.php?menu=95&amp;language=eng&amp;tabela=projectosdetail&amp;projectid=293\">KARSTRISK \u2013 Impacts of contamination on karstic groundwater ecosystems<\/a><\/strong>\u201d<\/p>\n\n\n\n<div class=\"wp-block-image\"><figure class=\"alignleft is-resized\"><img decoding=\"async\" loading=\"lazy\" src=\"http:\/\/dfigueiredo.myscispot.eu\/wp-content\/uploads\/2019\/01\/1111111logo.jpg\" alt=\"\" class=\"wp-image-72\" width=\"233\" height=\"79\"\/><\/figure><\/div>\n\n\n\n<p> Funding: FCT &#8211; Funda\u00e7\u00e3o para a Ci\u00eancia e a Tecnologia (Portugal) &#8211; PTDC\/AAC-AMB\/114781\/2009 | Promoter institution: University of Aveiro | Partners: Instituto Superior T\u00e9cnico, Universidade de Lisboa (PT) | Duration: 2011 to 2014 | Role: project researcher<\/p>\n\n\n\n<p class=\"has-text-color has-very-light-gray-color\">&#8212;<\/p>\n\n\n\n<hr class=\"wp-block-separator\"\/>\n\n\n\n<p style=\"font-size:24px\"><strong>Papers&nbsp;on&nbsp;Bacterial Community Composition<\/strong><br><\/p>\n\n\n\n<p><strong>de Figueiredo D.R.<\/strong>, Castro B.B., Pereira M.J. &amp; Correia A. (2012)&nbsp;<a href=\"http:\/\/akademiai.com\/doi\/abs\/10.1556\/ComEc.13.2012.2.8\">Bacterioplankton community composition in Portuguese water bodies under a severe summer drought<\/a>.&nbsp;<em>Community Ecology. 13, 2, 185-193. &nbsp;<\/em><\/p>\n\n\n\n<p><strong>de Figueiredo D.R.<\/strong>, Ferreira R.V., Cerqueira M., Condesso de Melo T., Pereira M.J., Castro B.B. &amp; Correia A. (2012)&nbsp;<a href=\"https:\/\/link.springer.com\/article\/10.1007%2Fs10661-011-1981-2?LI=true%EF%BB%BF\">Impact of water quality on bacterioplankton assemblage along C\u00e9rtima River Basin (Central Western Portugal) assessed by PCR-DGGE and multivariate analysis<\/a>.&nbsp;<em>Environmental Monitoring and Assessment. 184, 1, 471-485.<\/em><\/p>\n\n\n\n<p><strong>de Figueiredo D.R.<\/strong>, Pereira M. &amp; Correia A. (2010)&nbsp;<a href=\"https:\/\/link.springer.com\/article\/10.1007\/s11274-009-0272-3\">Seasonal modulation of bacterioplankton community at a temperate eutrophic shallow lake<\/a>.&nbsp;<em>World Journal of Microbiology and Biotechnology&nbsp;<\/em>26: 1067-1077.&nbsp;<\/p>\n\n\n\n<p><strong>de Figueiredo D.R.<\/strong>, Pereira M.J., Moura A., Silva L., B\u00e1rrios S., Fonseca F., Henriques I. &amp; Correia A. (2007)&nbsp;<a href=\"https:\/\/link.springer.com\/article\/10.1007%2Fs11274-009-0272-3\">Bacterial community composition over a dry winter in meso- and eutrophic Portuguese water bodies<\/a>.&nbsp;<em>FEMS Microbiology and Ecology&nbsp;<\/em>59 (3): 638\u2013650<em>.<\/em> <\/p>\n\n\n\n<hr class=\"wp-block-separator\"\/>\n\n\n\n<p style=\"font-size:24px\"><strong>Communications on Bacterial Community Composition<\/strong><\/p>\n\n\n\n<p><strong>de Figueiredo D.R.<\/strong>, Gon\u00e7alves A.M.M, Saraiva P., Mac\u00e1rio I., Oliveira I., Neto J., Marques J.C. &amp; Gon\u00e7alves F.&nbsp; (2014) Unravelling the microplanktonic communities\u2019 diversity at Mondego estuary through metagenomics. <em>MARES Conference. 17-21 November 2014, Olh\u00e3o, Portugal. <\/em>Poster<\/p>\n\n\n\n<p><strong>de Figueiredo D.R.<\/strong>, Cleary D., Saraiva P., Gomes N., Gon\u00e7alves A.M.M., Reboleira A.S., Gon\u00e7alves F., Oliveira J., Condesso de Melo M.T. &amp; Abrantes N.&nbsp;(2014) Metagenomic overview of bacterioplankton diversity from Estremenho karst massif aquifer (Portugal). <em>EcoHCC\u201914 &#8211; 3rd International Conference on Ecohydrology, Soil and Climate Change. 10-12 September 2014, Tomar, Portugal. <\/em>Poster<\/p>\n\n\n\n<p>Abrantes N., <strong>de Figueiredo D.R.<\/strong>, Rosa I.C., Saraiva P., Gon\u00e7alves A.M.M., Bessa M., Reboleira, A.S. &amp; F. Gon\u00e7alves (2013) Bacteria as a key-community to track variations on karstic aquifers.&nbsp;<em>SETAC Europe 23rd Annual Meeting. 12-16 May, Glasgow, Scotland.&nbsp; <\/em>Poster<\/p>\n\n\n\n<p><strong>de Figueiredo D.R.<\/strong>, Gon\u00e7alves A.M.M., Reboleira A.S., Marques C., Gon\u00e7alves F. &amp; Abrantes N. (2012) Molecular approaches to study the underground bacterial assemblages \u2013 a case study from a Portuguese karstic aquifer.&nbsp;<em>21st International Conference on Subterranean Biology (ICSB). 2-7 September, Ko\u0161ice, Slovakia.&nbsp;<\/em>Poster<\/p>\n\n\n\n<p><strong>de Figueiredo D.R.<\/strong>, Pereira M.J. &amp; Correia A. (2011) Dominant bacterioplankton phylotypes in geographically distant Portuguese water bodies under a severe summer drought scenario. <em>Second IWA Symposium on Lake and Reservoir Management: Sustainable Strategies to Enhance Water Quality. 14-17 July, Granada, Spain. <\/em>Poster<\/p>\n\n\n\n<p><strong>de Figueiredo D.R.<\/strong>, Pereira M.J., Castro B.B., Gon\u00e7alves F. &amp; Correia A. (2011) Domin\u00e2ncia de Bacteroidetes e Betaproteobacteria associada a elevados n\u00edveis de nutrientes nos rios Sousa e Antu\u00e3 (noroeste de Portugal). <em>Jornadas da Ria de Aveiro. 2-4 May, Aveiro, Portugal. <\/em>Poster<\/p>\n\n\n\n<p><strong>de Figueiredo D.R.<\/strong>, Ferreira R., Cerqueira M., Condesso de Melo T., Ramos I., Pereira M.J. &amp; Correia A. (2009) Impact of high nutrient and organic pollution on bacterioplankton diversity along C\u00e9rtima river (central Portugal) assessed by 16S rDNA PCR-DGGE and multivariate analysis. <em>BAGECO09 &#8211; 10th International Symposium on Bacterial Genetics and Ecology. 15<\/em><sup><em>t<\/em><\/sup><em>-19 June, Uppsala, Sweden. <\/em>Poster<\/p>\n\n\n\n<p><strong>de Figueiredo D.R.<\/strong>, Pereira M.J. &amp; Correia A. (2009) Bacterioplankton diversity in Portuguese water bodies during an atypically dry summer. <em>EcoHCC\u201909 &#8211; The International Conference on Ecohydrology and Climate Changes. 10<\/em><sup><em>t<\/em><\/sup><em>-12<\/em><sup><em> <\/em><\/sup><em>September, Tomar, Portugal. <\/em>Poster<\/p>\n\n\n\n<p><strong>de Figueiredo D.R.<\/strong>, Ferreira R.V., Cerqueira M., Condesso de Melo T., Moura A., Silva R.A., Pereira M.J. &amp; Correia A. (2008) Bacterioplankton diversity along the C\u00e9rtima River and seasonal shifts at Fermentelos Lake &#8211; molecular approach vs environmental parameters. <em>VII Simp\u00f3sio de P\u00f3s-Gradua\u00e7\u00e3o do Departamento de Biologia da Universidade de Aveiro. 28-30 April, Aveiro, Portugal.<\/em> Oral communication<\/p>\n\n\n\n<p><strong>de Figueiredo D.R.<\/strong>, Pereira M.J., Moura A., Silva L., B\u00e1rrios S., Fonseca F., Henriques I. &amp; Correia A. (2006) Bacterial diversity in water bodies from North and Center of Portugal during a dry winter \u2013 eutrophication enhancement risk. <em>FEMS 2<sup>nd<\/sup> Congress of European Microbiologists. 4<\/em><sup><em>t<\/em><\/sup><em>-8 July, Madrid, Spain. <\/em>Poster<\/p>\n","protected":false},"excerpt":{"rendered":"<p>Bacteria play an essential role in our ecosystems dynamics through the geochemical cycling. During the PhD and post-doc, the BCC (Bacterial Community Composition) from several Portuguese water bodies was assessed using different molecular methodologies, from<a class=\"read-more\" href=\"http:\/\/dfigueiredo.myscispot.eu\/index.php\/bacterial-community-diversity\/\">Continue reading<\/a><\/p>\n","protected":false},"author":3,"featured_media":0,"parent":0,"menu_order":0,"comment_status":"closed","ping_status":"closed","template":"page-templates\/page_fullwidth.php","meta":[],"_links":{"self":[{"href":"http:\/\/dfigueiredo.myscispot.eu\/index.php\/wp-json\/wp\/v2\/pages\/185"}],"collection":[{"href":"http:\/\/dfigueiredo.myscispot.eu\/index.php\/wp-json\/wp\/v2\/pages"}],"about":[{"href":"http:\/\/dfigueiredo.myscispot.eu\/index.php\/wp-json\/wp\/v2\/types\/page"}],"author":[{"embeddable":true,"href":"http:\/\/dfigueiredo.myscispot.eu\/index.php\/wp-json\/wp\/v2\/users\/3"}],"replies":[{"embeddable":true,"href":"http:\/\/dfigueiredo.myscispot.eu\/index.php\/wp-json\/wp\/v2\/comments?post=185"}],"version-history":[{"count":26,"href":"http:\/\/dfigueiredo.myscispot.eu\/index.php\/wp-json\/wp\/v2\/pages\/185\/revisions"}],"predecessor-version":[{"id":400,"href":"http:\/\/dfigueiredo.myscispot.eu\/index.php\/wp-json\/wp\/v2\/pages\/185\/revisions\/400"}],"wp:attachment":[{"href":"http:\/\/dfigueiredo.myscispot.eu\/index.php\/wp-json\/wp\/v2\/media?parent=185"}],"curies":[{"name":"wp","href":"https:\/\/api.w.org\/{rel}","templated":true}]}}