{"id":225,"date":"2019-03-15T10:55:42","date_gmt":"2019-03-15T10:55:42","guid":{"rendered":"http:\/\/dfigueiredo.myscispot.eu\/?page_id=225"},"modified":"2020-07-01T10:56:16","modified_gmt":"2020-07-01T10:56:16","slug":"science-communication","status":"publish","type":"page","link":"http:\/\/dfigueiredo.myscispot.eu\/index.php\/science-communication\/","title":{"rendered":"Science Communication"},"content":{"rendered":"\n<p class=\"has-text-color has-background has-very-light-gray-color has-very-dark-gray-background-color\">In parallel to science, I have always felt impelled to share my research subjects to wider audiences (particularly school and pre-school children) which as proven to be a challenge but also very gratifying.<\/p>\n\n\n\n<p class=\"has-text-color has-background has-very-light-gray-color has-very-dark-gray-background-color\">The involvement of Society in environmental issues is fundamental to face the Societal Challenges derived from Climate Change. Science Communication and Citizen Science approaches have proven to be an effective way for awareness about climate\/environmental issues.<\/p>\n\n\n\n<hr class=\"wp-block-separator\"\/>\n\n\n\n<p style=\"font-size:25px\"><strong>Projects<\/strong><\/p>\n\n\n\n<p>\u201c<strong><a href=\"http:\/\/www.educo2cean.org\/project\/about-project\/\">EDUCO2CEAN \u2013 STS Education Models to transmit to Society the Challenge of Global Change in the Ocean<\/a><\/strong>\u201d<\/p>\n\n\n\n<div class=\"wp-block-image\"><figure class=\"alignleft is-resized\"><img decoding=\"async\" loading=\"lazy\" src=\"http:\/\/dfigueiredo.myscispot.eu\/wp-content\/uploads\/2019\/01\/Screenshot-2019-01-16-at-17.00.13-300x197.png\" alt=\"\" class=\"wp-image-114\" width=\"158\" height=\"104\" srcset=\"http:\/\/dfigueiredo.myscispot.eu\/wp-content\/uploads\/2019\/01\/Screenshot-2019-01-16-at-17.00.13-300x197.png 300w, http:\/\/dfigueiredo.myscispot.eu\/wp-content\/uploads\/2019\/01\/Screenshot-2019-01-16-at-17.00.13-768x503.png 768w, http:\/\/dfigueiredo.myscispot.eu\/wp-content\/uploads\/2019\/01\/Screenshot-2019-01-16-at-17.00.13-390x260.png 390w, http:\/\/dfigueiredo.myscispot.eu\/wp-content\/uploads\/2019\/01\/Screenshot-2019-01-16-at-17.00.13-520x341.png 520w, http:\/\/dfigueiredo.myscispot.eu\/wp-content\/uploads\/2019\/01\/Screenshot-2019-01-16-at-17.00.13-740x485.png 740w, http:\/\/dfigueiredo.myscispot.eu\/wp-content\/uploads\/2019\/01\/Screenshot-2019-01-16-at-17.00.13.png 873w\" sizes=\"(max-width: 158px) 100vw, 158px\" \/><\/figure><\/div>\n\n\n\n<p>Funding: ERASMUS+ (European Union)| Promoter entity: ASPEA (Associa\u00e7\u00e3o Portuguesa de Educa\u00e7\u00e3o Ambiental) (Portugal)| Partners: Ci\u00eancia Viva (Portugal), Universidade de Vigo&nbsp;(Spain), IES Ribeira do Louro (Spain),&nbsp;Campus do Mar (Spain),&nbsp;IES Virxe do Mar (Spain), MASTS&nbsp;\u2013 Marine Alliance for Science and Technology (United Kingdom) and Caretakers of the Environment International (Poland) | Duration: 2016 to 2018 | Role: project collaborator<\/p>\n\n\n\n<hr class=\"wp-block-separator\"\/>\n\n\n\n<p>\u201c<strong><a href=\"http:\/\/www.cesam.ua.pt\/index.php?menu=95&amp;language=eng&amp;tabela=projectosdetail&amp;projectid=685\">CITAQUA \u2013 A Citizen Science approach for freshwater quality monitoring at Estarreja city<\/a><\/strong>\u201d<\/p>\n\n\n\n<div class=\"wp-block-image\"><figure class=\"alignleft is-resized\"><img decoding=\"async\" loading=\"lazy\" src=\"http:\/\/dfigueiredo.myscispot.eu\/wp-content\/uploads\/2019\/01\/Captura-de-ecra%CC%83-2017-11-30-a%CC%80s-22.58.17-300x126.png\" alt=\"\" class=\"wp-image-77\" width=\"179\" height=\"75\"\/><\/figure><\/div>\n\n\n\n<p>Funding: CNRS \u2013 Centre National de la Recherche Scientifique (France) | Promoter institution: University of Aveiro (Portugal) | Department of Biology &amp; CESAM | ESTGA-UA| Partners: Agrupamento de Escolas de Estarreja (Portugal), C\u00e2mara Municipal de Estarreja (Portugal), Instituto Nacional de Sa\u00fade Doutor Ricardo Jorge (Portugal) | Duration: 2016 to 2017 | Role: project coordinator<\/p>\n\n\n\n<hr class=\"wp-block-separator\"\/>\n\n\n\n<p>\u201c<strong><a href=\"http:\/\/mia.myscispot.eu\/\">MIA \u2013 Unraveling the Invisible Water World \/ Revelando o Mundo Invis\u00edvel da \u00c1gua<\/a><\/strong>\u201d<\/p>\n\n\n\n<div class=\"wp-block-image\"><figure class=\"alignleft is-resized\"><img decoding=\"async\" loading=\"lazy\" src=\"http:\/\/dfigueiredo.myscispot.eu\/wp-content\/uploads\/2019\/01\/Screenshot-2019-01-16-at-16.53.05-300x141.png\" alt=\"\" class=\"wp-image-102\" width=\"191\" height=\"90\" srcset=\"http:\/\/dfigueiredo.myscispot.eu\/wp-content\/uploads\/2019\/01\/Screenshot-2019-01-16-at-16.53.05-300x141.png 300w, http:\/\/dfigueiredo.myscispot.eu\/wp-content\/uploads\/2019\/01\/Screenshot-2019-01-16-at-16.53.05.png 443w\" sizes=\"(max-width: 191px) 100vw, 191px\" \/><\/figure><\/div>\n\n\n\n<p>Funding: EEAgrants (Iceland, Liechtenstein and Norway) | Promoter institution: ASPEA (Associa\u00e7\u00e3o Portuguesa de Educa\u00e7\u00e3o Ambiental) (Portugal)| Partners: Oficina de M\u00fasica de Aveiro (Portugal), Agrupamentos de Escolas (Murtosa, Estarreja, Pardilh\u00f3, Aveiro, Horta, Ponta Delgada, Ol. Azem\u00e9is) (Portugal), C\u00e2mara Municipal da Murtosa (Portugal), CINANIMA (Portugal), A\u00e7ores em Dan\u00e7a (Portugal), CESAM (Centre for Marine and Environmental Studies) &amp; Department of Biology, Universidade de Aveiro (Portugal) | Duration: 2015 to 2016 | Role: project coordinator<br><\/p>\n\n\n\n<hr class=\"wp-block-separator\"\/>\n\n\n\n<p style=\"font-size:25px\"><strong>Books &amp; book chapters&nbsp;(most&nbsp;relevant)<\/strong><\/p>\n\n\n\n<p><strong>de Figueiredo D.R.<\/strong>&nbsp;(2017). Unraveling the Invisible Water World. In:&nbsp;<a href=\"file:\/\/\/Users\/danielafigueiredo\/Downloads\/SCoRE_17ScienceCommunicationforResearchersinEducationAutumnSchoole-book.pdf\">SCoRE\u201917 \u2013 Science Communication for Researchers in Education: Autumn School e-book<\/a>. Guerra C., Tavares R. &amp; Ara\u00fajo e S\u00e1 H. (eds). UA Editora, Universidade de Aveiro. Aveiro, Portugal. pp. 86-70. ISBN: 978-972-789-526-7.&nbsp;<strong><em>Book&nbsp;chapter<\/em><\/strong><\/p>\n\n\n\n<p><strong>de Figueiredo D.R.<\/strong>, Pinto J.R. &amp; Boyd K.G (2018). <a href=\"http:\/\/www.educo2cean.org\/unit-8-didatics-of-carbon-capture-and-storage\/\">Didactics of Carbon Capture and Storage.<\/a> Vol 8, STS Education Models to transmit to Society the challenge of Global Change in the Ocean. 51pp. E-book: ISBN 978-989-54180-0-8 <\/p>\n\n\n\n<p><strong>de Figueiredo D.R.<\/strong>, Gon\u00e7alves A.M.M., Jervis-Cunha A., Gon\u00e7alves F., Azeiteiro U.M., Pardal M.A. &amp; Pereira M.J. (2013). Em busca das microalgas verdes numa gota de \u00e1gua&#8230; In: Actividades Pr\u00e1ticas em Ci\u00eancias e Educa\u00e7\u00e3o Ambiental (Vol. II). Gon\u00e7alves F., Pereira R., Azeiteiro U.M. &amp; Pereira M.J. (eds). Editora Piaget, Horizontes Pedag\u00f3gicos. Lisboa, Portugal.<\/p>\n\n\n\n<p><strong>de Figueiredo D.R.<\/strong>, Gon\u00e7alves F., Azeiteiro U.M. &amp; Pereira M.J. (2007) As cianobact\u00e9rias: que seres peculiares! <em>In<\/em> Actividades Cient\u00edficas no \u00c2mbito da Educa\u00e7\u00e3o Ambiental. Pereira R., Azeiteiro U., Pereira M.J. &amp; Gon\u00e7alves F. (Eds.). Editora do Instituto Piaget, Lisboa. pp. 172-183.<\/p>\n\n\n\n<p><strong>de Figueiredo D.R.<\/strong>, Lopes V., Gon\u00e7alves A., Horta C. &amp; Pereira M.J. (2007) Blooms cianobacterianos: a manta verde que cobre os lagos&#8230; <em>In<\/em> Actividades Cient\u00edficas no \u00c2mbito da Educa\u00e7\u00e3o Ambiental. Pereira R., Azeiteiro U., Pereira M.J. &amp; Gon\u00e7alves, F. (Eds.). Editora do Instituto Piaget, Lisboa. pp. 184-191.<\/p>\n\n\n\n<p><strong>de Figueiredo D.R.<\/strong>, Vidal T., Lopes V., Soares A.M.V.M. &amp; Pereira M.J. (2004) Toxic cyanobacterial blooms \u2013 occurrence, consequences and control strategies. <em>In<\/em> Global Trends on Environmental Education. Azeiteiro, U.M.; Pereira, M.J.; Caeiro S., Bacelar-Nicolau P., Morgado F. &amp; Gon\u00e7alves F. (Eds.). <em>Discursos \u2013 L\u00edngua, Cultura e Sociedade<\/em>. Universidade Aberta, Lisboa, pp. 623-656. <\/p>\n\n\n\n<p><\/p>\n\n\n\n<hr class=\"wp-block-separator\"\/>\n\n\n\n<p style=\"font-size:25px\"><strong>Communications<\/strong><\/p>\n\n\n\n<p><strong>de Figueiredo D.R.&nbsp;<\/strong>&amp; Rodrigues A. J. (2019) Music &amp; Science for all! <em>SciCom PT 2019 &#8211; Congresso de Comunica\u00e7\u00e3o em Ci\u00eancia. 30-31 May, Aveiro, Portugal. <\/em>Poster \/ Fast oral communication<\/p>\n\n\n\n<p><strong>de Figueiredo D.R.<\/strong>,  Oliveira G., Rebelo D.,  Marquinhos P. &amp; Gon\u00e7alves L.J. (2019) Citizen Science as a tool for transversal awareness and inclusion in Society. <em>SciCom PT 2019 &#8211; Congresso de Comunica\u00e7\u00e3o em Ci\u00eancia, 30-31 May, Aveiro, Portugal. <\/em>Poster communication<\/p>\n\n\n\n<p><strong>de Figueiredo D.R.<\/strong> (2018) Educational resources to enhance awareness on the impacts of Climate Change on the Ocean. <em>10th Portuguese Conference on Polar Sciences. 25-26 October, Aveiro, Portugal. <\/em>Poster<\/p>\n\n\n\n<p><strong>de Figueiredo D.R.<\/strong>, Marquinhos P. &amp; Gon\u00e7alves L.J. (2017) Groundwater quality monitoring by local citizens at a small town. <em>SciCom PT 2017 &#8211; Congresso de Comunica\u00e7\u00e3o em Ci\u00eancia, 12-13 October, Coimbra, Portugal. <\/em>Oral communication<\/p>\n\n\n\n<p><strong>de Figueiredo D.R.<\/strong> (2017) CITAQUA \u2013 A Citizen Science approach for freshwater quality monitoring at Estarreja city. <em>5<\/em><sup><em>\u00e8me <\/em><\/sup><em>Colloque OHM-Estarreja. 3<\/em><sup><em>rd<\/em><\/sup><em> November, Aveiro, Portugal.<\/em> Oral communication<\/p>\n\n\n\n<p><strong>de<\/strong> <strong>Figueiredo D.R. <\/strong>(2017) MIA &#8211; Revelando o Mundo Invis\u00edvel da \u00c1gua. <em>Evento de Encerramento do Programa PT02 Gest\u00e3o Integrada das \u00c1guas Marinhas e Costeiras &#8211; Resultados Alcan\u00e7ados. 6<\/em><sup><em>th<\/em><\/sup><em> December, Lisbon, Portugal. <\/em>Oral communication<\/p>\n\n\n\n<p><strong>de Figueiredo D.R. <\/strong>(2017) The microscope \u2013 a portal to the fantastic invisible water world. <em>SciCom PT 2017 &#8211; Congresso de Comunica\u00e7\u00e3o em Ci\u00eancia. 12-13<\/em><sup><em>t<\/em><\/sup><em> October, Coimbra, Portugal.<\/em> Poster \/ Fast Oral communication<\/p>\n\n\n\n<p><strong>de Figueiredo D.R.<\/strong> (2016) CITAQUA \u2013 A Citizen Science approach for freshwater quality monitoring at Estarreja city. <em>4<\/em><sup><em>\u00e8me <\/em><\/sup><em>Colloque OHM-Estarreja. 4<\/em><sup><em>th<\/em><\/sup><em> November, Aveiro, Portugal. <\/em>Poster communication<\/p>\n\n\n\n<p><strong>de Figueiredo D.R.<\/strong> (2016) Unraveling the Invisible Water World&#8230; through the MIA project. <em>XIX Iberian Symposium on Marine Biology Studies, 5-9 September, Porto, Portugal. <\/em>Poster<\/p>\n\n\n\n<p><strong>de Figueiredo D.R.<\/strong> (2016) CITAQUA \u2013 Projeto local de Ci\u00eancia Cidad\u00e3. <em>SciCom PT 2016 &#8211; Congresso de Comunica\u00e7\u00e3o em Ci\u00eancia. 26-27 May, Lisboa, Portugal. <\/em>Poster \/ Fast oral communication (<a href=\"https:\/\/pt.slideshare.net\/scicompt\/scicompt-2016-livro-de-psteres\">https:\/\/pt.slideshare.net\/scicompt\/scicompt-2016-livro-de-psteres<\/a>) <\/p>\n\n\n\n<p><strong>de Figueiredo D.R.<\/strong> (2016) Unravelling the Invisible Water World&#8230; <em>Science in Public Conference 2016, 13-15<\/em><sup><em>t<\/em><\/sup><em> July, Canterbury, UK.<\/em> Poster (https:\/\/scienceinpublicnetwork.files.wordpress.com\/2016\/07\/abstracts-to-print.pdf)<\/p>\n\n\n\n<p><strong>de Figueiredo D.R. <\/strong>(2016) MIA &#8211; revelando o Mundo Invis\u00edvel da \u00c1gua. <em>SciCom PT 2016 &#8211; Congresso de Comunica\u00e7\u00e3o em Ci\u00eancia, 26-27<\/em><sup><em>t<\/em><\/sup><em> May, Lisboa, Portugal. Poster<\/em><\/p>\n\n\n\n<p><strong>de Figueiredo D.R.<\/strong> (2016) Mundo Invis\u00edvel da \u00c1gua. <em>XXI Jornadas Pedag\u00f3gicas de Educa\u00e7\u00e3o Ambiental, 8-10<\/em><sup><em>t<\/em><\/sup><em> April, Viseu, Portugal. <\/em>Oral communication<\/p>\n\n\n\n<p><strong>de Figueiredo D.R.<\/strong> (2016) Revelando o Mundo Invis\u00edvel da \u00c1gua. <em>V Jornadas de Art\u2019Ambiente, 30<\/em><sup><em>t<\/em><\/sup><em>-31<\/em><sup><em> <\/em><\/sup><em>October, Horta (Faial, A\u00e7ores), Portugal<\/em>. Oral communication<\/p>\n\n\n\n<p><strong>de Figueiredo D.R.<\/strong> (2015) Dissemina\u00e7\u00e3o Cient\u00edfica e Educa\u00e7\u00e3o Ambiental \u2013 unidas para a adapta\u00e7\u00e3o \u00e0s altera\u00e7\u00f5es clim\u00e1ticas atrav\u00e9s da promo\u00e7\u00e3o da Ci\u00eancia Participativa. <em>III Congresso Internacional de Educa\u00e7\u00e3o Ambiental dos Pa\u00edses e Comunidades Lus\u00f3fonas, 7-11 July, Torreira (Murtosa), Portugal. <\/em>Poster<\/p>\n\n\n\n<p><strong>de Figueiredo D.R. <\/strong>(2015) Ci\u00eancia, arte e media \u2013 a conjuga\u00e7\u00e3o perfeita para fazer passar a mensagem cient\u00edfica? <em>SciCom PT 2015 &#8211; Congresso de Comunica\u00e7\u00e3o em Ci\u00eancia, 28<\/em><sup><em>t<\/em><\/sup><em>-29 May, Lagos, Portugal. <\/em>Poster \/ Fast Oral communication<\/p>\n\n\n\n<p><strong>de Figueiredo D.R.<\/strong>, Oliveira A.A., Castro B.B., Correia A. &amp; Gon\u00e7alves F. (2013) Cianotrilhos &#8211; interface de divulga\u00e7\u00e3o cient\u00edfica sobre a ocorr\u00eancia de cianobact\u00e9rias em Portugal.&nbsp;<em>XX Jornadas Pedag\u00f3gicas de Educa\u00e7\u00e3o Ambiental &#8211; Aprender fora de portas: redes, recursos e potencialidades. 17-19 January, Leiria, Portugal. <\/em>Poster<\/p>\n\n\n\n<p>Fonseca D., Castro B.B., Mac\u00e1rio I., Gon\u00e7alves F. &amp; <strong>de Figueiredo D.R. <\/strong>(2013) Quando as Cianobact\u00e9rias crescem demais&#8230;&nbsp;<em>XX Jornadas Pedag\u00f3gicas de Educa\u00e7\u00e3o Ambiental &#8211; Aprender fora de portas: redes, recursos e potencialidades. 17-19 January, Leiria, Portugal.&nbsp;<\/em>Poster<\/p>\n\n\n\n<p><strong>de Figueiredo D.R.<\/strong>, Moura A. &amp; Correia A. (2008) Science communication \u2013 an attitude modulator or simply a unidirectional speech? <em>7th Iberian and 4th Iberoamerican Congress of Environmental Contamination and Toxicology. 10-12 March, Lisbon, Portugal. <\/em>Oral communication<\/p>\n\n\n\n<p><strong>de Figueiredo D.R.<\/strong>, Pereira M.J. &amp; Correia A. (2008) Divulga\u00e7\u00e3o cient\u00edfica: que papel para a educa\u00e7\u00e3o e a cidadania?. <em>Encontro de Zonas H\u00famidas: desafios e oportunidades de gest\u00e3o sustent\u00e1vel. 1-2 February, \u00c1gueda, Portugal. <\/em>Poster<\/p>\n\n\n\n<p><strong>de Figueiredo D.R.<\/strong>, Pereira M.J. &amp; Correia A. (2007) A divulga\u00e7\u00e3o cient\u00edfica como potencial impulsionador de mudan\u00e7a de atitudes. <em>I Congreso Internacional de Educaci\u00f3n Ambiental dos Pa\u00edses Lus\u00f3fonos e Galicia. 24-27 September, Santiago de Compostela, Spain. <\/em>Poster<\/p>\n\n\n\n<p><strong>de Figueiredo D.R.<\/strong>, Vidal T., Lopes V., Soares A.M.V.M. &amp; Pereira M.J. (2003) Cyanobacterial Toxins \u2013 a Health and Environmental Problem. <em>1st World Environmental Education Congress. 20<\/em><sup><em>t<\/em><\/sup><em>-24 May, Espinho, Portugal.<\/em> Poster<\/p>\n\n\n\n<p><strong>de Figueiredo D.R.<\/strong>, Azeiteiro U.M., Esteves S.M., Gon\u00e7alves F.J.M. &amp; Pereira M.J. (2003) Hepatotoxic blooms \u2013 occurrence and consequences. <em>1st World Environmental Education Congress. 20<\/em><sup><em>t<\/em><\/sup><em>-24 May, Espinho, Portugal. P<\/em>oster <\/p>\n","protected":false},"excerpt":{"rendered":"<p>In parallel to science, I have always felt impelled to share my research subjects to wider audiences (particularly school and pre-school children) which as proven to be a challenge but also very gratifying. The involvement<a class=\"read-more\" href=\"http:\/\/dfigueiredo.myscispot.eu\/index.php\/science-communication\/\">Continue reading<\/a><\/p>\n","protected":false},"author":3,"featured_media":429,"parent":0,"menu_order":0,"comment_status":"closed","ping_status":"closed","template":"page-templates\/page_fullwidth.php","meta":[],"_links":{"self":[{"href":"http:\/\/dfigueiredo.myscispot.eu\/index.php\/wp-json\/wp\/v2\/pages\/225"}],"collection":[{"href":"http:\/\/dfigueiredo.myscispot.eu\/index.php\/wp-json\/wp\/v2\/pages"}],"about":[{"href":"http:\/\/dfigueiredo.myscispot.eu\/index.php\/wp-json\/wp\/v2\/types\/page"}],"author":[{"embeddable":true,"href":"http:\/\/dfigueiredo.myscispot.eu\/index.php\/wp-json\/wp\/v2\/users\/3"}],"replies":[{"embeddable":true,"href":"http:\/\/dfigueiredo.myscispot.eu\/index.php\/wp-json\/wp\/v2\/comments?post=225"}],"version-history":[{"count":48,"href":"http:\/\/dfigueiredo.myscispot.eu\/index.php\/wp-json\/wp\/v2\/pages\/225\/revisions"}],"predecessor-version":[{"id":485,"href":"http:\/\/dfigueiredo.myscispot.eu\/index.php\/wp-json\/wp\/v2\/pages\/225\/revisions\/485"}],"wp:featuredmedia":[{"embeddable":true,"href":"http:\/\/dfigueiredo.myscispot.eu\/index.php\/wp-json\/wp\/v2\/media\/429"}],"wp:attachment":[{"href":"http:\/\/dfigueiredo.myscispot.eu\/index.php\/wp-json\/wp\/v2\/media?parent=225"}],"curies":[{"name":"wp","href":"https:\/\/api.w.org\/{rel}","templated":true}]}}