{"id":62,"date":"2019-01-16T15:44:13","date_gmt":"2019-01-16T15:44:13","guid":{"rendered":"http:\/\/dfigueiredo.myscispot.eu\/?page_id=62"},"modified":"2019-12-05T11:39:10","modified_gmt":"2019-12-05T11:39:10","slug":"projects","status":"publish","type":"page","link":"http:\/\/dfigueiredo.myscispot.eu\/index.php\/projects\/","title":{"rendered":"Projects"},"content":{"rendered":"\n<p>Participation or coordination in projects:<\/p>\n\n\n\n<hr class=\"wp-block-separator\"\/>\n\n\n\n<p><strong>&#8220;<a href=\"http:\/\/dfigueiredo.myscispot.eu\/index.php\/projects\/\">AGREST \u2013 AGRiculture at ESTarreja region: a satellite screening over the past four decades<\/a>&#8220;<\/strong><\/p>\n\n\n\n<div class=\"wp-block-media-text alignwide\" style=\"grid-template-columns:26% auto\"><figure class=\"wp-block-media-text__media\"><img decoding=\"async\" loading=\"lazy\" width=\"765\" height=\"449\" src=\"http:\/\/dfigueiredo.myscispot.eu\/wp-content\/uploads\/2019\/12\/AgrEst_2.jpg\" alt=\"\" class=\"wp-image-362\" srcset=\"http:\/\/dfigueiredo.myscispot.eu\/wp-content\/uploads\/2019\/12\/AgrEst_2.jpg 765w, http:\/\/dfigueiredo.myscispot.eu\/wp-content\/uploads\/2019\/12\/AgrEst_2-300x176.jpg 300w, http:\/\/dfigueiredo.myscispot.eu\/wp-content\/uploads\/2019\/12\/AgrEst_2-520x305.jpg 520w, http:\/\/dfigueiredo.myscispot.eu\/wp-content\/uploads\/2019\/12\/AgrEst_2-740x434.jpg 740w\" sizes=\"(max-width: 765px) 100vw, 765px\" \/><\/figure><div class=\"wp-block-media-text__content\">\n<p>Funding: CNRS &#8211; Centre National de la Recherche Scientifique (France) | Promoter institution: CESAM (Centre for Marine and Environmental Studies), Department of Biology &amp; Department of Physics, University of Aveiro (Portugal) | Duration: 2019 to 2021 | Role: project coordinator<\/p>\n<\/div><\/div>\n\n\n\n<hr class=\"wp-block-separator\"\/>\n\n\n\n<p><strong>&#8220;<a href=\"http:\/\/dfigueiredo.myscispot.eu\/index.php\/projects\/\">SAFE &#8211; Social Awareness For Environment at Estarreja<\/a>&#8220;<\/strong><\/p>\n\n\n\n<p>Funding: CNRS &#8211; Centre National de la Recherche Scientifique (France) | Promoter institution: Universit\u00e9 Paris Nanterre (France) | Partners: CESAM (Centre for Marine and Environmental Studies), Department of Biology &amp; Department of Environment &amp; Planning, University of Aveiro (Portugal) | Duration: 2019 to 2020 | Role: project researcher<\/p>\n\n\n\n<hr class=\"wp-block-separator\"\/>\n\n\n\n<p>\u201c<strong><a href=\"http:\/\/www.educo2cean.org\/project\/about-project\/\">EDUCO2CEAN \u2013 STS Education Models to transmit to Society the Challenge of Global Change in the Ocean<\/a><\/strong>\u201d <\/p>\n\n\n\n<div class=\"wp-block-image\"><figure class=\"alignleft is-resized\"><img decoding=\"async\" loading=\"lazy\" src=\"http:\/\/dfigueiredo.myscispot.eu\/wp-content\/uploads\/2019\/01\/Screenshot-2019-01-16-at-17.00.13-300x197.png\" alt=\"\" class=\"wp-image-114\" width=\"207\" height=\"136\" srcset=\"http:\/\/dfigueiredo.myscispot.eu\/wp-content\/uploads\/2019\/01\/Screenshot-2019-01-16-at-17.00.13-300x197.png 300w, http:\/\/dfigueiredo.myscispot.eu\/wp-content\/uploads\/2019\/01\/Screenshot-2019-01-16-at-17.00.13-768x503.png 768w, http:\/\/dfigueiredo.myscispot.eu\/wp-content\/uploads\/2019\/01\/Screenshot-2019-01-16-at-17.00.13-520x341.png 520w, http:\/\/dfigueiredo.myscispot.eu\/wp-content\/uploads\/2019\/01\/Screenshot-2019-01-16-at-17.00.13-740x485.png 740w, http:\/\/dfigueiredo.myscispot.eu\/wp-content\/uploads\/2019\/01\/Screenshot-2019-01-16-at-17.00.13.png 873w\" sizes=\"(max-width: 207px) 100vw, 207px\" \/><\/figure><\/div>\n\n\n\n<p>Funding: ERASMUS+ (European Union)| Promoter entity: ASPEA (Associa\u00e7\u00e3o Portuguesa de Educa\u00e7\u00e3o Ambiental) (Portugal)| Partners: Ci\u00eancia Viva (Portugal), Universidade de Vigo\u00a0(Spain), IES Ribeira do Louro (Spain),\u00a0Campus do Mar (Spain),\u00a0IES Virxe do Mar (Spain), MASTS\u00a0&#8211; Marine Alliance for Science and Technology (UK) and Caretakers of the Environment International (Poland) | Duration: 2016 to 2018 | Role: project collaborator<\/p>\n\n\n\n<hr class=\"wp-block-separator\"\/>\n\n\n\n<p>\u201c<strong><a href=\"http:\/\/www.cesam.ua.pt\/index.php?menu=95&amp;language=eng&amp;tabela=projectosdetail&amp;projectid=685\">CITAQUA &#8211; A Citizen Science approach for freshwater quality monitoring at Estarreja city<\/a><\/strong>\u201d <\/p>\n\n\n\n<div class=\"wp-block-image\"><figure class=\"alignleft is-resized\"><img decoding=\"async\" loading=\"lazy\" src=\"http:\/\/dfigueiredo.myscispot.eu\/wp-content\/uploads\/2019\/01\/Captura-de-ecra\u0303-2017-11-30-a\u0300s-22.58.17-300x126.png\" alt=\"\" class=\"wp-image-77\" width=\"222\" height=\"93\" srcset=\"http:\/\/dfigueiredo.myscispot.eu\/wp-content\/uploads\/2019\/01\/Captura-de-ecra\u0303-2017-11-30-a\u0300s-22.58.17-300x126.png 300w, http:\/\/dfigueiredo.myscispot.eu\/wp-content\/uploads\/2019\/01\/Captura-de-ecra\u0303-2017-11-30-a\u0300s-22.58.17-768x322.png 768w, http:\/\/dfigueiredo.myscispot.eu\/wp-content\/uploads\/2019\/01\/Captura-de-ecra\u0303-2017-11-30-a\u0300s-22.58.17-1024x429.png 1024w, http:\/\/dfigueiredo.myscispot.eu\/wp-content\/uploads\/2019\/01\/Captura-de-ecra\u0303-2017-11-30-a\u0300s-22.58.17-520x218.png 520w, http:\/\/dfigueiredo.myscispot.eu\/wp-content\/uploads\/2019\/01\/Captura-de-ecra\u0303-2017-11-30-a\u0300s-22.58.17-740x310.png 740w, http:\/\/dfigueiredo.myscispot.eu\/wp-content\/uploads\/2019\/01\/Captura-de-ecra\u0303-2017-11-30-a\u0300s-22.58.17.png 1330w\" sizes=\"(max-width: 222px) 100vw, 222px\" \/><\/figure><\/div>\n\n\n\n<p>Funding: CNRS &#8211; Centre National de la Recherche Scientifique (France) | Promoter institution: University of Aveiro (Portugal) | Department of Biology &amp; CESAM | ESTGA-UA| Partners: Agrupamento de Escolas de Estarreja (Portugal), C\u00e2mara Municipal de Estarreja (Portugal), Instituto Nacional de Sa\u00fade Doutor Ricardo Jorge (Portugal) | Duration: 2016 to 2017 | Role: project coordinator<\/p>\n\n\n\n<hr class=\"wp-block-separator\"\/>\n\n\n\n<p>\u201c<strong><a href=\"http:\/\/mia.myscispot.eu\/\">MIA \u2013 Unraveling the Invisible Water World \/ Revelando o Mundo Invis\u00edvel da \u00c1gua<\/a><\/strong>\u201d<\/p>\n\n\n\n<div class=\"wp-block-image\"><figure class=\"alignleft is-resized\"><img decoding=\"async\" loading=\"lazy\" src=\"http:\/\/dfigueiredo.myscispot.eu\/wp-content\/uploads\/2019\/01\/Screenshot-2019-01-16-at-16.53.05-300x141.png\" alt=\"\" class=\"wp-image-102\" width=\"232\" height=\"111\"\/><\/figure><\/div>\n\n\n\n<p>Funding: EEAgrants (Iceland, Liechtenstein and Norway) | Promoter institution: ASPEA (Associa\u00e7\u00e3o Portuguesa de Educa\u00e7\u00e3o Ambiental) (Portugal)| Partners: Oficina de M\u00fasica de Aveiro (Portugal), Agrupamentos de Escolas (Murtosa, Estarreja, Pardilh\u00f3, Aveiro, Horta, Ponta Delgada, Ol. Azem\u00e9is) (Portugal), C\u00e2mara Municipal da Murtosa (Portugal), CINANIMA (Portugal), A\u00e7ores em Dan\u00e7a (Portugal), CESAM (Centre for Marine and Environmental Studies) &amp; Department of Biology, Universidade de Aveiro (Portugal) | Duration: 2015 to 2016 | Role: project coordinator<\/p>\n\n\n\n<hr class=\"wp-block-separator\"\/>\n\n\n\n<p> \u201c<strong><a href=\"http:\/\/www.cesam.ua.pt\/index.php?menu=95&amp;language=eng&amp;tabela=projectosdetail&amp;projectid=293\">KARSTRISK \u2013 Impacts of contamination on karstic groundwater ecosystems<\/a><\/strong>\u201d<\/p>\n\n\n\n<div class=\"wp-block-image\"><figure class=\"alignleft is-resized\"><img decoding=\"async\" loading=\"lazy\" src=\"http:\/\/dfigueiredo.myscispot.eu\/wp-content\/uploads\/2019\/01\/1111111logo.jpg\" alt=\"\" class=\"wp-image-72\" width=\"233\" height=\"79\"\/><\/figure><\/div>\n\n\n\n<p>Funding: FCT &#8211; Funda\u00e7\u00e3o para a Ci\u00eancia e a Tecnologia (Portugal) &#8211; PTDC\/AAC-AMB\/114781\/2009 | Promoter institution: CESAM (Centre for Marine and Environmental Studies), University of Aveiro (Portugal) | Partner: Instituto Superior T\u00e9cnico, Universidade de Lisboa (Portugal) | Duration: 2011 to 2014 | Role: project researcher<\/p>\n","protected":false},"excerpt":{"rendered":"<p>Participation or coordination in projects: &#8220;AGREST \u2013 AGRiculture at ESTarreja region: a satellite screening over the past four decades&#8220; Funding: CNRS &#8211; Centre National de la Recherche Scientifique (France) | Promoter institution: CESAM (Centre for<a class=\"read-more\" href=\"http:\/\/dfigueiredo.myscispot.eu\/index.php\/projects\/\">Continue reading<\/a><\/p>\n","protected":false},"author":3,"featured_media":0,"parent":0,"menu_order":0,"comment_status":"closed","ping_status":"closed","template":"","meta":[],"_links":{"self":[{"href":"http:\/\/dfigueiredo.myscispot.eu\/index.php\/wp-json\/wp\/v2\/pages\/62"}],"collection":[{"href":"http:\/\/dfigueiredo.myscispot.eu\/index.php\/wp-json\/wp\/v2\/pages"}],"about":[{"href":"http:\/\/dfigueiredo.myscispot.eu\/index.php\/wp-json\/wp\/v2\/types\/page"}],"author":[{"embeddable":true,"href":"http:\/\/dfigueiredo.myscispot.eu\/index.php\/wp-json\/wp\/v2\/users\/3"}],"replies":[{"embeddable":true,"href":"http:\/\/dfigueiredo.myscispot.eu\/index.php\/wp-json\/wp\/v2\/comments?post=62"}],"version-history":[{"count":70,"href":"http:\/\/dfigueiredo.myscispot.eu\/index.php\/wp-json\/wp\/v2\/pages\/62\/revisions"}],"predecessor-version":[{"id":385,"href":"http:\/\/dfigueiredo.myscispot.eu\/index.php\/wp-json\/wp\/v2\/pages\/62\/revisions\/385"}],"wp:attachment":[{"href":"http:\/\/dfigueiredo.myscispot.eu\/index.php\/wp-json\/wp\/v2\/media?parent=62"}],"curies":[{"name":"wp","href":"https:\/\/api.w.org\/{rel}","templated":true}]}}